{"id":13348,"date":"2021-04-21T21:39:40","date_gmt":"2021-04-21T21:39:40","guid":{"rendered":"https:\/\/editorialpapagayo.com\/?page_id=13348"},"modified":"2024-01-02T16:35:55","modified_gmt":"2024-01-02T16:35:55","slug":"contacto","status":"publish","type":"page","link":"https:\/\/editorialpapagayo.com\/es\/contacto\/","title":{"rendered":"Contacto"},"content":{"rendered":"<section id=\"pix_section_contact\" data-vc-full-width=\"true\" data-vc-full-width-init=\"false\" data-jarallax-video=\"https:\/\/www.youtube.com\/watch?v=oztWjg03ss0\" data-speed=\"0.4\" data-vc-parallax-image=\"https:\/\/www.youtube.com\/watch?v=oztWjg03ss0\" class=\"vc_section vc_section_visible vc_custom_1631550160420 vc_section-has-fill vc_row-o-full-height vc_section-o-content-middle vc_section-flex vc_video-bg-container2 jarallax\" data-section-name=\"\"><div class=\"pix_element_overlay bg-blue\" style=\"pointer-events:none;;position:absolute;width:100%;height:100%;top:0;left:0;opacity:0.75;\"><\/div><div class=\"vc_row wpb_row vc_row-fluid vc_row_visible vc_custom_1619543126059 vc_row-o-content-middle vc_row-flex\"><div class=\"wpb_column vc_column_container vc_col-sm-6 text-left\"><div class=\"vc_column-inner\"><div class=\"wpb_wrapper\"><div class=\"mb-3 text-left  vc_custom_1631639376206\"><h5 class=\"mb-32 pix-sliding-headline font-weight-bold secondary-font\" data-class=\"secondary-font text-white\" data-style=\"\">Nos encantar\u00eda saber de ti<\/h5><\/div><div class=\"slide-in-container w-100   vc_custom_1704213342985\" ><div class=\"d-inline-block\" style=\"max-width:500px;\"><p class=\"text-18  text-light-opacity-7  \" ><span class=\"animate-in d-inline-block\" data-anim-delay=\"900\" data-anim-type=\"fade-in-up\">Si tienes alguna duda, idea, comentario o retroalimentaci\u00f3n de nuestros libros o la p\u00e1gina, nos encantar\u00eda que te pusieras en contacto con nosotros y escuchar tus necesidades.\r\n\r\n<\/span><\/p><\/div><\/div><div role=\"form\" class=\"wpcf7\" id=\"wpcf7-f6-o1\" lang=\"es-MX\" dir=\"ltr\">\n<div class=\"screen-reader-response\"><p role=\"status\" aria-live=\"polite\" aria-atomic=\"true\"><\/p> <ul><\/ul><\/div>\n<form action=\"\/es\/wp-json\/wp\/v2\/pages\/13348#wpcf7-f6-o1\" method=\"post\" class=\"wpcf7-form init\" novalidate=\"novalidate\" data-status=\"init\">\n<div style=\"display: none;\">\n<input type=\"hidden\" name=\"_wpcf7\" value=\"6\" \/>\n<input type=\"hidden\" name=\"_wpcf7_version\" value=\"5.5.3\" \/>\n<input type=\"hidden\" name=\"_wpcf7_locale\" value=\"es_MX\" \/>\n<input type=\"hidden\" name=\"_wpcf7_unit_tag\" value=\"wpcf7-f6-o1\" \/>\n<input type=\"hidden\" name=\"_wpcf7_container_post\" value=\"0\" \/>\n<input type=\"hidden\" name=\"_wpcf7_posted_data_hash\" value=\"\" \/>\n<\/div>\n<div class=\"pix-contact7-form\"><div class=\"row\">\n<div class=\"col-lg-12\">\n   <span class=\"wpcf7-form-control-wrap your-name\"><input type=\"text\" name=\"your-name\" value=\"\" size=\"40\" class=\"wpcf7-form-control wpcf7-text wpcf7-validates-as-required form-control form-control-lg\" aria-required=\"true\" aria-invalid=\"false\" placeholder=\"Nombre\" \/><\/span>\n <\/div>\n<\/div>\n<div class=\"row\">\n<div class=\"col-lg-6\">\n  <span class=\"wpcf7-form-control-wrap your-email\"><input type=\"email\" name=\"your-email\" value=\"\" size=\"40\" class=\"wpcf7-form-control wpcf7-text wpcf7-email wpcf7-validates-as-required wpcf7-validates-as-email form-control form-control-lg\" aria-required=\"true\" aria-invalid=\"false\" placeholder=\"ejemplo@ejemplo.com\" \/><\/span>\n <\/div>\n<div class=\"col-lg-6\">\n    <span class=\"wpcf7-form-control-wrap your-tel\"><input type=\"tel\" name=\"your-tel\" value=\"\" size=\"40\" class=\"wpcf7-form-control wpcf7-text wpcf7-tel wpcf7-validates-as-required wpcf7-validates-as-tel form-control form-control-lg\" aria-required=\"true\" aria-invalid=\"false\" placeholder=\"Tel\u00e9fono\" \/><\/span>\n <\/div>\n<\/div>\n<div class=\"row\">\n<div class=\"col-lg-12\">\n   <span class=\"wpcf7-form-control-wrap textarea-700\"><textarea name=\"textarea-700\" cols=\"40\" rows=\"10\" class=\"wpcf7-form-control wpcf7-textarea wpcf7-validates-as-required form-control form-control-lg\" aria-required=\"true\" aria-invalid=\"false\" placeholder=\"Escribe un mensaje\"><\/textarea><\/span>\n <\/div>\n<\/div>\n<div class=\"row\">\n<div class=\"col-lg-12 text-center\">\n<p><input type=\"submit\" value=\"Enviar\" class=\"wpcf7-form-control has-spinner wpcf7-submit btn btn-primary text-white w-100 font-weight-bold shadow-lg btn-lg shadow-hover secondary-font\" \/>\n <\/p><\/div>\n<\/div>\n<\/div><p style=\"display: none !important;\"><label>&#916;<textarea name=\"_wpcf7_ak_hp_textarea\" cols=\"45\" rows=\"8\" maxlength=\"100\"><\/textarea><\/label><input type=\"hidden\" id=\"ak_js\" name=\"_wpcf7_ak_js\" value=\"24\"\/><script>document.getElementById( \"ak_js\" ).setAttribute( \"value\", ( new Date() ).getTime() );<\/script><\/p><div class=\"wpcf7-response-output\" aria-hidden=\"true\"><\/div><\/form><\/div><\/div><\/div><\/div><div class=\"wpb_column vc_column_container vc_col-sm-6 text-left\"><div class=\"vc_column-inner  vc_custom_1591761246251\"><div class=\"wpb_wrapper\"><div id=\"duo-icon-36230730\" class=\"media  vc_custom_1633544198720\"><div class=\"rounded-circle d-inline-block mr-3 feature_img bg-white animate-in\" data-anim-type=\"fade-in-up\" data-anim-delay=\"200\" style=\" width:64.8px;height:64.8px;position:relative;line-height:64.8px;text-align:center;\"><i style=\"display:inline-block;font-size:36px;line-height:36px;\" class=\"text-gradient-primary align-middle pixicon-email-1\"><\/i><\/div><div class=\"media-body\"><h6 class=\"font-weight-bold  secondary-font text-white animate-in \" style=\"padding-top:0px;\" data-anim-type=\"fade-in-up\" data-anim-delay=\"300\">Correo Electr\u00f3nico<\/h6><div class=\"text-white text-18     animate-in\" style=\"padding-top:10px;\" data-anim-type=\"fade-in-up\" data-anim-delay=\"400\">contacto@editorialpapagayo.com<\/div><\/div><\/div><div id=\"duo-icon-3379659\" class=\"media  vc_custom_1619548420047\"><div class=\"rounded-circle d-inline-block mr-3 feature_img bg-white animate-in\" data-anim-type=\"fade-in-up\" data-anim-delay=\"400\" style=\" width:64.8px;height:64.8px;position:relative;line-height:64.8px;text-align:center;\"><i style=\"display:inline-block;font-size:36px;line-height:36px;\" class=\"text-gradient-primary align-middle pixicon-phone-ring\"><\/i><\/div><div class=\"media-body\"><h6 class=\"font-weight-bold  secondary-font text-white animate-in \" style=\"padding-top:0px;\" data-anim-type=\"fade-in-up\" data-anim-delay=\"500\">Tel\u00e9fono<\/h6><div class=\"text-text-gray text-18     animate-in\" style=\"padding-top:10px;\" data-anim-type=\"fade-in-up\" data-anim-delay=\"600\"><\/div><\/div><\/div><div class=\"mb-3 text-left \"><h5 class=\"mb-32 pix-sliding-headline font-weight-bold secondary-font\" data-class=\"secondary-font text-white\" data-style=\"\">Te invitamos a conocer m\u00e1s sobre nuestro proyecto en los siguientes sitios:<\/h5><\/div><a href=\"https:\/\/educarconamor.org\/almadelia\/\" class=\"btn mb-2   vc_custom_1631298489795  shadow shadow-hover text-white btn-line-white d-inline-block      animate-in btn-md\"   data-anim-type=\"fade-in-up\" data-anim-delay=\"800\" ><span class=\"font-weight-bold \" >Alma Delia RV<\/span><\/a><a href=\"https:\/\/educarconamor.org\/\" class=\"btn mb-2   vc_custom_1631298466547  shadow shadow-hover text-white btn-line-white d-inline-block      animate-in btn-md\"   data-anim-type=\"fade-in-up\" data-anim-delay=\"800\" ><span class=\"font-weight-bold \" >Educar con Amor Sistema<\/span><\/a><div class=\"d-block w-100 text-left\"><a href=\"\" class=\"btn mb-2   vc_custom_1631298635355  shadow shadow-hover text-white btn-line-white d-inline-block      animate-in pix-btn-div btn-md\"   data-anim-type=\"fade-in-up\" data-anim-delay=\"800\" ><span class=\"font-weight-bold \" >Editorial Papagayo<\/span><\/a><\/div><\/div><\/div><\/div><\/div><\/section><div class=\"vc_row-full-width vc_clearfix\"><\/div><section data-vc-full-width=\"true\" data-vc-full-width-init=\"false\" class=\"vc_section vc_section_visible vc_custom_1633125282425 vc_section-has-fill\" data-section-name=\"\"><div class=\"pix_element_overlay bg-yellow\" style=\"pointer-events:none;;position:absolute;width:100%;height:100%;top:0;left:0;opacity:0.5;\"><\/div><div data-vc-full-width=\"true\" data-vc-full-width-init=\"false\" data-vc-stretch-content=\"true\" class=\"vc_row wpb_row vc_row-fluid vc_row_visible\"><div class=\"wpb_column vc_column_container vc_col-sm-12 text-left\"><div class=\"vc_column-inner\"><div class=\"wpb_wrapper\"><div class=\"mb-3 text-center \"><h1 class=\"mb-32 pix-sliding-headline font-weight-bold secondary-font\" data-class=\"secondary-font text-heading-default\" data-style=\"\">Sedes\r\n<\/h1><\/div><\/div><\/div><\/div><\/div><div class=\"vc_row-full-width vc_clearfix\"><\/div><div data-vc-full-width=\"true\" data-vc-full-width-init=\"false\" data-vc-stretch-content=\"true\" class=\"vc_row wpb_row vc_row-fluid vc_row_visible\"><div class=\"wpb_column vc_column_container vc_col-sm-4 text-left\"><div class=\"vc_column-inner\"><div class=\"wpb_wrapper\"><div class=\"pix-content-box card      vc_custom_1631298240203  rounded-10 shadow shadow-hover-sm fly-sm animate-in bg- w-100  \"  data-anim-type=\"fade-in-up\" data-anim-delay=\"400\"><div class=\"scene scene-over\"><\/div><div class=\"\" style=\"z-index:30;position:relative;\"><div id=\"duo-icon-63823415\" class=\"text-center  vc_custom_1633125334119\"><div class=\"feature_img \"   style=\"width:100px;height:auto;display:inline-block;position:relative;\"><img decoding=\"async\" style=\"width:100px;height:100px;\" class=\"img-fluid2 pix-fit-cover2 pix-fit-contain  rounded-circle\" src=\"https:\/\/editorialpapagayo.com\/wp-content\/uploads\/2021\/05\/espana-01.jpg\" alt=\"Espa\u00f1a\"><\/div><h5 class=\"font-weight-bold   text-heading-default \" style=\"padding-top:20px;\"  >Espa\u00f1a<\/h5><div class=\"text-heading-default      \" style=\"padding-top:10px;\"  >Carretera Sans\u00f3n 46, 1ro 2da.\r\nSant Feliu de Llobregat CP 08980\r\nBarcelona, Espa\u00f1a<\/div><\/div><\/div><\/div><\/div><\/div><\/div><div class=\"wpb_column vc_column_container vc_col-sm-4 text-left\"><div class=\"vc_column-inner\"><div class=\"wpb_wrapper\"><div class=\"pix-content-box card      vc_custom_1631298257464  rounded-10 shadow shadow-hover-sm fly-sm animate-in bg- w-100  \"  data-anim-type=\"fade-in-up\" data-anim-delay=\"600\"><div class=\"scene scene-over\"><\/div><div class=\"\" style=\"z-index:30;position:relative;\"><div id=\"duo-icon-20858542\" class=\"text-center  vc_custom_1633125348648\"><div class=\"feature_img \"   style=\"width:100px;height:auto;display:inline-block;position:relative;\"><img decoding=\"async\" style=\"width:100px;height:100px;\" class=\"img-fluid2 pix-fit-cover2 pix-fit-contain  rounded-circle\" src=\"https:\/\/editorialpapagayo.com\/wp-content\/uploads\/2021\/05\/mexico-01.jpg\" alt=\"M\u00e9xico\"><\/div><h5 class=\"font-weight-bold   text-heading-default \" style=\"padding-top:20px;\"  >M\u00e9xico<\/h5><div class=\"text-heading-default      \" style=\"padding-top:10px;\"  >Jos\u00e9 Rub\u00e9n Romero 987 Col. Jardines de los historiadores C.P: 44860 Guadalajara, Jal. M\u00e9xico.<\/div><\/div><\/div><\/div><\/div><\/div><\/div><div class=\"wpb_column vc_column_container vc_col-sm-4 text-left\"><div class=\"vc_column-inner\"><div class=\"wpb_wrapper\"><div class=\"pix-content-box card      vc_custom_1631298275834  rounded-10 shadow shadow-hover-sm fly-sm animate-in bg- w-100  \"  data-anim-type=\"fade-in-up\" data-anim-delay=\"600\"><div class=\"scene scene-over\"><\/div><div class=\"\" style=\"z-index:30;position:relative;\"><div id=\"duo-icon-112466346\" class=\"text-center  vc_custom_1633125362688\"><div class=\"feature_img \"   style=\"width:100px;height:auto;display:inline-block;position:relative;\"><img decoding=\"async\" style=\"width:100px;height:100px;\" class=\"img-fluid2 pix-fit-cover2 pix-fit-contain  rounded-circle\" src=\"https:\/\/editorialpapagayo.com\/wp-content\/uploads\/2021\/05\/holanda-01.jpg\" alt=\"Holanda\"><\/div><h5 class=\"font-weight-bold   text-heading-default \" style=\"padding-top:20px;\"  >Holanda<\/h5><div class=\"text-heading-default      \" style=\"padding-top:10px;\"  >Ouvertureweg 40\r\nRosmalen 5245AV\r\nHolanda<\/div><\/div><\/div><\/div><\/div><\/div><\/div><\/div><div class=\"vc_row-full-width vc_clearfix\"><\/div><\/section><div class=\"vc_row-full-width vc_clearfix\"><\/div>","protected":false},"excerpt":{"rendered":"Nos encantar\u00eda saber de tiSi tienes alguna duda, idea, comentario o retroalimentaci\u00f3n de nuestros libros o la p\u00e1gina, nos encantar\u00eda que te pusieras en contacto con nosotros y escuchar tus necesidades. &#916;Correo Electr\u00f3nicocontacto@editorialpapagayo.comTel\u00e9fonoTe invitamos a conocer m\u00e1s sobre nuestro proyecto...","protected":false},"author":1,"featured_media":0,"parent":0,"menu_order":0,"comment_status":"closed","ping_status":"closed","template":"","meta":{"footnotes":""},"class_list":["post-13348","page","type-page","status-publish","hentry"],"_links":{"self":[{"href":"https:\/\/editorialpapagayo.com\/es\/wp-json\/wp\/v2\/pages\/13348","targetHints":{"allow":["GET"]}}],"collection":[{"href":"https:\/\/editorialpapagayo.com\/es\/wp-json\/wp\/v2\/pages"}],"about":[{"href":"https:\/\/editorialpapagayo.com\/es\/wp-json\/wp\/v2\/types\/page"}],"author":[{"embeddable":true,"href":"https:\/\/editorialpapagayo.com\/es\/wp-json\/wp\/v2\/users\/1"}],"replies":[{"embeddable":true,"href":"https:\/\/editorialpapagayo.com\/es\/wp-json\/wp\/v2\/comments?post=13348"}],"version-history":[{"count":86,"href":"https:\/\/editorialpapagayo.com\/es\/wp-json\/wp\/v2\/pages\/13348\/revisions"}],"predecessor-version":[{"id":15967,"href":"https:\/\/editorialpapagayo.com\/es\/wp-json\/wp\/v2\/pages\/13348\/revisions\/15967"}],"wp:attachment":[{"href":"https:\/\/editorialpapagayo.com\/es\/wp-json\/wp\/v2\/media?parent=13348"}],"curies":[{"name":"wp","href":"https:\/\/api.w.org\/{rel}","templated":true}]}}