{"id":13825,"date":"2021-05-10T18:46:42","date_gmt":"2021-05-10T18:46:42","guid":{"rendered":"https:\/\/editorialpapagayo.com\/?post_type=product&#038;p=13825"},"modified":"2026-04-13T00:21:28","modified_gmt":"2026-04-13T00:21:28","slug":"prisma-y-la-felicidad","status":"publish","type":"product","link":"https:\/\/editorialpapagayo.com\/es\/producto\/prisma-y-la-felicidad\/","title":{"rendered":"Prisma y la felicidad"},"content":{"rendered":"La maestra de Prisma ha propuesto una divertida\u00a0manera de explicar qu\u00e9 es la felicidad. Prisma y sus amigos est\u00e1n muy alegres y curiosos por la experiencia. Con este relato, Prisma comparte a los m\u00e1s peque\u00f1os una encantadora manera de conocer sus emociones y c\u00f3mo elegirlas.\r\n\r\nPrisma. El ni\u00f1o de las emociones, es una colecci\u00f3n de cuentos tiernos en los que Prisma, con su amplia gama de posibilidades de emoci\u00f3n, muestra lo que los ni\u00f1os son capaces de hacer cuando saben c\u00f3mo se llaman sus emociones y lo importante que es elegir con inteligencia y poner en su coraz\u00f3n emociones positivas, en el logro de una vida plena, feliz y exitosa.\r\n\r\nRecomendado para ni\u00f1os de 4 a 7 a\u00f1os.","protected":false},"excerpt":{"rendered":"Prisma. El ni\u00f1o de las emociones, es una colecci\u00f3n de cuentos tiernos en los que Prisma, con su amplia gama de posibilidades de emoci\u00f3n, muestra lo que los ni\u00f1os son capaces de hacer cuando saben c\u00f3mo se llaman sus emociones","protected":false},"featured_media":13404,"comment_status":"open","ping_status":"closed","template":"","meta":[],"product_cat":[32,34],"product_tag":[39],"class_list":["post-13825","product","type-product","status-publish","has-post-thumbnail","hentry","product_cat-4-a-7-anos","product_cat-libros","product_tag-es"],"_links":{"self":[{"href":"https:\/\/editorialpapagayo.com\/es\/wp-json\/wp\/v2\/product\/13825","targetHints":{"allow":["GET"]}}],"collection":[{"href":"https:\/\/editorialpapagayo.com\/es\/wp-json\/wp\/v2\/product"}],"about":[{"href":"https:\/\/editorialpapagayo.com\/es\/wp-json\/wp\/v2\/types\/product"}],"replies":[{"embeddable":true,"href":"https:\/\/editorialpapagayo.com\/es\/wp-json\/wp\/v2\/comments?post=13825"}],"wp:featuredmedia":[{"embeddable":true,"href":"https:\/\/editorialpapagayo.com\/es\/wp-json\/wp\/v2\/media\/13404"}],"wp:attachment":[{"href":"https:\/\/editorialpapagayo.com\/es\/wp-json\/wp\/v2\/media?parent=13825"}],"wp:term":[{"taxonomy":"product_cat","embeddable":true,"href":"https:\/\/editorialpapagayo.com\/es\/wp-json\/wp\/v2\/product_cat?post=13825"},{"taxonomy":"product_tag","embeddable":true,"href":"https:\/\/editorialpapagayo.com\/es\/wp-json\/wp\/v2\/product_tag?post=13825"}],"curies":[{"name":"wp","href":"https:\/\/api.w.org\/{rel}","templated":true}]}}