{"id":15924,"date":"2021-12-13T19:03:43","date_gmt":"2021-12-13T19:03:43","guid":{"rendered":"https:\/\/editorialpapagayo.com\/?post_type=product&#038;p=15924"},"modified":"2026-04-24T08:16:06","modified_gmt":"2026-04-24T08:16:06","slug":"la-oruga-en-el-bosque-de-las-opiniones-2","status":"publish","type":"product","link":"https:\/\/editorialpapagayo.com\/es\/producto\/la-oruga-en-el-bosque-de-las-opiniones-2\/","title":{"rendered":"La oruga en el bosque de las opiniones"},"content":{"rendered":"Oruga esta lista para transformarse en mariposa y emprender\u00e1 una encantadora aventura para conseguirlo. Con ayuda de su mejor gu\u00eda, vivir\u00e1 una maravillosa experiencia. Un cuento tierno para peque\u00f1os de gran coraz\u00f3n.\r\n\r\nRecomendado para ni\u00f1os de 4 a 6 a\u00f1os.","protected":false},"excerpt":{"rendered":"Oruga esta lista para transformarse en mariposa y emprender\u00e1 una encantadora aventura para conseguirlo.","protected":false},"featured_media":13405,"comment_status":"open","ping_status":"closed","template":"","meta":[],"product_cat":[32,34],"product_tag":[40],"class_list":["post-15924","product","type-product","status-publish","has-post-thumbnail","hentry","product_cat-4-a-7-anos","product_cat-libros","product_tag-eur"],"_links":{"self":[{"href":"https:\/\/editorialpapagayo.com\/es\/wp-json\/wp\/v2\/product\/15924","targetHints":{"allow":["GET"]}}],"collection":[{"href":"https:\/\/editorialpapagayo.com\/es\/wp-json\/wp\/v2\/product"}],"about":[{"href":"https:\/\/editorialpapagayo.com\/es\/wp-json\/wp\/v2\/types\/product"}],"replies":[{"embeddable":true,"href":"https:\/\/editorialpapagayo.com\/es\/wp-json\/wp\/v2\/comments?post=15924"}],"wp:featuredmedia":[{"embeddable":true,"href":"https:\/\/editorialpapagayo.com\/es\/wp-json\/wp\/v2\/media\/13405"}],"wp:attachment":[{"href":"https:\/\/editorialpapagayo.com\/es\/wp-json\/wp\/v2\/media?parent=15924"}],"wp:term":[{"taxonomy":"product_cat","embeddable":true,"href":"https:\/\/editorialpapagayo.com\/es\/wp-json\/wp\/v2\/product_cat?post=15924"},{"taxonomy":"product_tag","embeddable":true,"href":"https:\/\/editorialpapagayo.com\/es\/wp-json\/wp\/v2\/product_tag?post=15924"}],"curies":[{"name":"wp","href":"https:\/\/api.w.org\/{rel}","templated":true}]}}