{"id":15923,"date":"2021-12-13T19:01:23","date_gmt":"2021-12-13T19:01:23","guid":{"rendered":"https:\/\/editorialpapagayo.com\/?post_type=product&#038;p=15923"},"modified":"2024-01-16T18:08:56","modified_gmt":"2024-01-16T18:08:56","slug":"nacer-con-amor-y-educar-para-el-amor-2","status":"publish","type":"product","link":"https:\/\/editorialpapagayo.com\/es_mx\/producto\/nacer-con-amor-y-educar-para-el-amor-2\/","title":{"rendered":"Nacer con Amor y Educar para el amor"},"content":{"rendered":"Hagamos un recorrido a trav\u00e9s de la experiencia propia para encontrar en qu\u00e9 momento el amor, o la ausencia de este, hizo de ti el padre y la madre que eres para tus hijos y c\u00f3mo en el amor esta tambi\u00e9n la repuesta para convertirte el el padre y la madre que en tu coraz\u00f3n deseas para ellos.","protected":false},"excerpt":{"rendered":"La respuesta es siempre el amor.","protected":false},"featured_media":15689,"comment_status":"open","ping_status":"closed","template":"","meta":[],"product_cat":[32,34],"product_tag":[40],"class_list":["post-15923","product","type-product","status-publish","has-post-thumbnail","hentry","product_cat-4-a-7-anos","product_cat-libros","product_tag-eur"],"_links":{"self":[{"href":"https:\/\/editorialpapagayo.com\/es_mx\/wp-json\/wp\/v2\/product\/15923","targetHints":{"allow":["GET"]}}],"collection":[{"href":"https:\/\/editorialpapagayo.com\/es_mx\/wp-json\/wp\/v2\/product"}],"about":[{"href":"https:\/\/editorialpapagayo.com\/es_mx\/wp-json\/wp\/v2\/types\/product"}],"replies":[{"embeddable":true,"href":"https:\/\/editorialpapagayo.com\/es_mx\/wp-json\/wp\/v2\/comments?post=15923"}],"wp:featuredmedia":[{"embeddable":true,"href":"https:\/\/editorialpapagayo.com\/es_mx\/wp-json\/wp\/v2\/media\/15689"}],"wp:attachment":[{"href":"https:\/\/editorialpapagayo.com\/es_mx\/wp-json\/wp\/v2\/media?parent=15923"}],"wp:term":[{"taxonomy":"product_cat","embeddable":true,"href":"https:\/\/editorialpapagayo.com\/es_mx\/wp-json\/wp\/v2\/product_cat?post=15923"},{"taxonomy":"product_tag","embeddable":true,"href":"https:\/\/editorialpapagayo.com\/es_mx\/wp-json\/wp\/v2\/product_tag?post=15923"}],"curies":[{"name":"wp","href":"https:\/\/api.w.org\/{rel}","templated":true}]}}